{"id":96,"date":"2024-02-28T21:31:37","date_gmt":"2024-02-28T18:31:37","guid":{"rendered":"https:\/\/adrasanboncukapartbungalov.com\/iletisim\/"},"modified":"2024-03-03T22:08:36","modified_gmt":"2024-03-03T19:08:36","slug":"iletisim-adrasan-boncuk-apart","status":"publish","type":"page","link":"https:\/\/adrasanboncukapartbungalov.com\/?page_id=96","title":{"rendered":"Adrasan Boncuk Apart ve Bungalov Evleri Adres ve \u0130leti\u015fim Bilgileri"},"content":{"rendered":"\n<div class=\"wp-block-group alignfull is-content-justification-center\" style=\"margin-top:0;margin-bottom:0;padding-top:calc( 0.5 * var(--wp--style--root--padding-right, var(--wp--custom--gap--horizontal)));padding-right:var(--wp--style--root--padding-right, var(--wp--custom--gap--horizontal));padding-bottom:calc( 0.5 * var(--wp--style--root--padding-right, var(--wp--custom--gap--horizontal)));padding-left:var(--wp--style--root--padding-left, var(--wp--custom--gap--horizontal))\"><div class=\"wp-block-group__inner-container is-layout-constrained wp-container-core-group-is-layout-2dc3bf18 wp-block-group-is-layout-constrained\">\n<div style=\"height:17px\" aria-hidden=\"true\" class=\"wp-block-spacer\"><\/div>\n\n\n\n<div class=\"wp-block-group alignfull\"><div class=\"wp-block-group__inner-container is-layout-constrained wp-block-group-is-layout-constrained\"><\/div><\/div>\n<\/div><\/div>\n\n\n\n<div style=\"height:45px\" aria-hidden=\"true\" class=\"wp-block-spacer\"><\/div>\n\n\n\n<div class=\"wp-block-jetpack-tiled-gallery aligncenter is-style-rectangular\"><div class=\"tiled-gallery__gallery\"><div class=\"tiled-gallery__row\"><div class=\"tiled-gallery__col\" style=\"flex-basis:100.00000%\"><figure class=\"tiled-gallery__item\"><img decoding=\"async\" data-attachment-id=\"500\" data-permalink=\"https:\/\/adrasanboncukapartbungalov.com\/?attachment_id=500\" data-orig-file=\"https:\/\/i0.wp.com\/adrasanboncukapartbungalov.com\/wp-content\/uploads\/2024\/03\/boncuk-apart-slider.jpg?fit=1920%2C872&amp;ssl=1\" data-orig-size=\"1920,872\" data-comments-opened=\"1\" data-image-meta=\"{&quot;aperture&quot;:&quot;0&quot;,&quot;credit&quot;:&quot;&quot;,&quot;camera&quot;:&quot;&quot;,&quot;caption&quot;:&quot;&quot;,&quot;created_timestamp&quot;:&quot;0&quot;,&quot;copyright&quot;:&quot;&quot;,&quot;focal_length&quot;:&quot;0&quot;,&quot;iso&quot;:&quot;0&quot;,&quot;shutter_speed&quot;:&quot;0&quot;,&quot;title&quot;:&quot;&quot;,&quot;orientation&quot;:&quot;1&quot;}\" data-image-title=\"boncuk apart slider\" data-image-description=\"&lt;p&gt;Adrasan Boncuk Apart ve Bungalov Evleri&lt;\/p&gt;\n\" data-image-caption=\"\" data-large-file=\"https:\/\/i0.wp.com\/adrasanboncukapartbungalov.com\/wp-content\/uploads\/2024\/03\/boncuk-apart-slider.jpg?fit=750%2C341&amp;ssl=1\" data-attachment-id=\"500\" data-permalink=\"https:\/\/adrasanboncukapartbungalov.com\/?attachment_id=500\" data-orig-file=\"https:\/\/i0.wp.com\/adrasanboncukapartbungalov.com\/wp-content\/uploads\/2024\/03\/boncuk-apart-slider.jpg?fit=1920%2C872&amp;ssl=1\" data-orig-size=\"1920,872\" data-comments-opened=\"1\" data-image-meta=\"{&quot;aperture&quot;:&quot;0&quot;,&quot;credit&quot;:&quot;&quot;,&quot;camera&quot;:&quot;&quot;,&quot;caption&quot;:&quot;&quot;,&quot;created_timestamp&quot;:&quot;0&quot;,&quot;copyright&quot;:&quot;&quot;,&quot;focal_length&quot;:&quot;0&quot;,&quot;iso&quot;:&quot;0&quot;,&quot;shutter_speed&quot;:&quot;0&quot;,&quot;title&quot;:&quot;&quot;,&quot;orientation&quot;:&quot;1&quot;}\" data-image-title=\"boncuk apart slider\" data-image-description=\"&lt;p&gt;Adrasan Boncuk Apart ve Bungalov Evleri&lt;\/p&gt;\n\" data-image-caption=\"\" data-large-file=\"https:\/\/i0.wp.com\/adrasanboncukapartbungalov.com\/wp-content\/uploads\/2024\/03\/boncuk-apart-slider.jpg?fit=750%2C341&amp;ssl=1\" role=\"button\" tabindex=\"0\" aria-label=\"1\/1 g\u00f6rseli tam ekranda a\u00e7\"srcset=\"https:\/\/i0.wp.com\/adrasanboncukapartbungalov.com\/wp-content\/uploads\/2024\/03\/boncuk-apart-slider-1024x465.jpg?strip=info&#038;w=600&#038;ssl=1 600w,https:\/\/i0.wp.com\/adrasanboncukapartbungalov.com\/wp-content\/uploads\/2024\/03\/boncuk-apart-slider-1024x465.jpg?strip=info&#038;w=900&#038;ssl=1 900w,https:\/\/i0.wp.com\/adrasanboncukapartbungalov.com\/wp-content\/uploads\/2024\/03\/boncuk-apart-slider-1024x465.jpg?strip=info&#038;w=1200&#038;ssl=1 1200w,https:\/\/i0.wp.com\/adrasanboncukapartbungalov.com\/wp-content\/uploads\/2024\/03\/boncuk-apart-slider-1024x465.jpg?strip=info&#038;w=1500&#038;ssl=1 1500w,https:\/\/i0.wp.com\/adrasanboncukapartbungalov.com\/wp-content\/uploads\/2024\/03\/boncuk-apart-slider-1024x465.jpg?strip=info&#038;w=1800&#038;ssl=1 1800w,https:\/\/i0.wp.com\/adrasanboncukapartbungalov.com\/wp-content\/uploads\/2024\/03\/boncuk-apart-slider-1024x465.jpg?strip=info&#038;w=1920&#038;ssl=1 1920w\" alt=\"Adrasan Boncuk Apart ve Bungalov Evleri\" data-height=\"872\" data-id=\"500\" data-link=\"https:\/\/adrasanboncukapartbungalov.com\/?attachment_id=500\" data-url=\"https:\/\/adrasanboncukapartbungalov.com\/wp-content\/uploads\/2024\/03\/boncuk-apart-slider-1024x465.jpg\" data-width=\"1920\" src=\"https:\/\/i0.wp.com\/adrasanboncukapartbungalov.com\/wp-content\/uploads\/2024\/03\/boncuk-apart-slider-1024x465.jpg?ssl=1\" data-amp-layout=\"responsive\"\/><\/figure><\/div><\/div><\/div><\/div>\n\n\n\n<h2 class=\"wp-block-heading\"> \u0130leti\u015fim<\/h2>\n\n\n\n<p class=\"wp-block-paragraph\"><a href=\"https:\/\/adrasanboncukapartbungalov.com\/\">Adrasan Boncuk Apart ve Bungalov Evleri<\/a><\/p>\n\n\n\n<div class=\"wp-block-group alignfull\"><div class=\"wp-block-group__inner-container is-layout-constrained wp-block-group-is-layout-constrained\">\n<div class=\"wp-block-columns alignfull are-vertically-aligned-center is-layout-flex wp-container-core-columns-is-layout-c446116b wp-block-columns-is-layout-flex\">\n<div class=\"wp-block-column is-vertically-aligned-center is-layout-flow wp-block-column-is-layout-flow\" style=\"flex-basis:66.66%\">\n<div class=\"wp-block-jetpack-map is-style-terrain\" data-map-id=\"jp-map-1\" data-map-provider=\"mapbox\" data-api-key=\"pk.eyJ1IjoiYXV0b21hdHRpYyIsImEiOiJjazVpZjA5aWswYTFvM21sOWtzNW1rNG9lIn0.Gu-sp4wRxnnQB-Qa8CpuZQ\" data-map-style=\"terrain\"><ul><li><a href=\"https:\/\/www.google.com\/maps\/search\/?api=1&amp;query=36.312042,30.462521\">Boncuk Market<\/a><\/li><\/ul><\/div>\n<\/div>\n\n\n\n<div class=\"wp-block-column is-vertically-aligned-center is-layout-flow wp-block-column-is-layout-flow\" style=\"padding-top:var(--wp--preset--spacing--70);padding-right:var(--wp--preset--spacing--70);padding-bottom:var(--wp--preset--spacing--70);padding-left:var(--wp--preset--spacing--70);flex-basis:33.33%\">\n<h2 class=\"wp-block-heading has-text-align-left\">\u0130LET\u0130\u015e\u0130M<\/h2>\n\n\n\n<p class=\"has-text-align-left wp-block-paragraph\">NEC\u0130P BONCUK &#8211; 0 532 795 15 89<\/p>\n\n\n\n<h2 class=\"wp-block-heading\">ADRES<\/h2>\n\n\n\n<p class=\"has-text-align-left wp-block-paragraph\">Adrasan Mahallesi, Sar\u0131kavak Caddesi, No:110 A, Boncuk Market 07350 Kumluca\/Antalya<\/p>\n<\/div>\n<\/div>\n<\/div><\/div>\n\n\n\n<div class=\"wp-block-group alignfull has-background-color has-white-color has-black-background-color has-text-color has-background has-link-color wp-elements-bd829b818938320fb61c075e5a042e78 is-vertical is-content-justification-stretch is-layout-flex wp-container-core-group-is-layout-37faf667 wp-block-group-is-layout-flex\" style=\"min-height:40vh;margin-top:0;margin-bottom:0;padding-top:var(--wp--preset--spacing--60);padding-right:var(--wp--preset--spacing--40);padding-bottom:var(--wp--preset--spacing--60);padding-left:var(--wp--preset--spacing--40)\">\n<div class=\"wp-block-columns alignwide has-small-font-size is-layout-flex wp-container-core-columns-is-layout-8f761849 wp-block-columns-is-layout-flex\">\n<div class=\"wp-block-column is-layout-flow wp-block-column-is-layout-flow\">\n<p class=\"has-text-align-left wp-block-paragraph\">\u0130LET\u0130\u015e\u0130M<\/p>\n\n\n\n<p class=\"wp-block-paragraph\">NEC\u0130P BONCUK <\/p>\n\n\n\n<p class=\"wp-block-paragraph\">0532 795 1589<\/p>\n\n\n\n<p class=\"wp-block-paragraph\">Adrasan Mahallesi, Sar\u0131kavak Caddesi, No:110 A, Boncuk Market KUMLUCA \/ ANTALYA<\/p>\n\n\n\n<div style=\"height:24px\" aria-hidden=\"true\" class=\"wp-block-spacer\"><\/div>\n<\/div>\n\n\n\n<div class=\"wp-block-column is-vertically-aligned-stretch is-layout-flow wp-block-column-is-layout-flow\">\n<p class=\"has-text-align-right wp-block-paragraph\"><\/p>\n\n\n\n<div style=\"height:24px\" aria-hidden=\"true\" class=\"wp-block-spacer\"><\/div>\n<\/div>\n<\/div>\n\n\n\n<div class=\"wp-block-group alignwide is-content-justification-center is-layout-flex wp-container-core-group-is-layout-f6d872f4 wp-block-group-is-layout-flex\">\n<p class=\"wp-block-paragraph\">\u00a9 2024 \u00b7 Adrasan Boncuk Apart ve Bungalov Evleri T\u00fcm Haklar\u0131 Sakl\u0131d\u0131r.<\/p>\n\n\n\n<p class=\"wp-block-paragraph\"><\/p>\n<\/div>\n<\/div>\n","protected":false},"excerpt":{"rendered":"<p>\u0130leti\u015fim Adrasan Boncuk Apart ve Bungalov Evleri \u0130LET\u0130\u015e\u0130M NEC\u0130P BONCUK &#8211; 0 532 795 15 89 ADRES Adrasan Mahallesi, Sar\u0131kavak Caddesi, No:110 A, Boncuk Market 07350 Kumluca\/Antalya<\/p>\n","protected":false},"author":231944036,"featured_media":0,"parent":0,"menu_order":0,"comment_status":"closed","ping_status":"closed","template":"","meta":{"_crdt_document":"","om_disable_all_campaigns":false,"_monsterinsights_skip_tracking":false,"_monsterinsights_sitenote_active":false,"_monsterinsights_sitenote_note":"","_monsterinsights_sitenote_category":0,"footnotes":""},"class_list":["post-96","page","type-page","status-publish","hentry"],"aioseo_notices":[],"yoast_head":"<!-- This site is optimized with the Yoast SEO plugin v27.4 - https:\/\/yoast.com\/product\/yoast-seo-wordpress\/ -->\n<title>Adrasan Boncuk Apart ve Bungalov Evleri Adres ve \u0130leti\u015fim Bilgileri - Adrasan Boncuk Apart Bungalov Evleri<\/title>\n<meta name=\"description\" content=\"Denize y\u00fcr\u00fcme mesafesinde, orman\u0131n k\u0131y\u0131s\u0131nda, muhte\u015fem do\u011fas\u0131yla 2+1 ve 1+1 Adrasan Boncuk Apart Bungalov evleri\" \/>\n<meta name=\"robots\" content=\"index, follow, max-snippet:-1, max-image-preview:large, max-video-preview:-1\" \/>\n<link rel=\"canonical\" href=\"https:\/\/adrasanboncukapartbungalov.com\/?page_id=96\" \/>\n<meta property=\"og:locale\" content=\"tr_TR\" \/>\n<meta property=\"og:type\" content=\"article\" \/>\n<meta property=\"og:title\" content=\"Adrasan Boncuk Apart ve Bungalov Evleri Adres ve \u0130leti\u015fim Bilgileri - Adrasan Boncuk Apart Bungalov Evleri\" \/>\n<meta property=\"og:description\" content=\"Denize y\u00fcr\u00fcme mesafesinde, orman\u0131n k\u0131y\u0131s\u0131nda, muhte\u015fem do\u011fas\u0131yla 2+1 ve 1+1 Adrasan Boncuk Apart Bungalov evleri\" \/>\n<meta property=\"og:url\" content=\"https:\/\/adrasanboncukapartbungalov.com\/?page_id=96\" \/>\n<meta property=\"og:site_name\" content=\"Adrasan Boncuk Apart Bungalov Evleri\" \/>\n<meta property=\"article:modified_time\" content=\"2024-03-03T19:08:36+00:00\" \/>\n<meta property=\"og:image\" content=\"https:\/\/i0.wp.com\/adrasanboncukapartbungalov.com\/wp-content\/uploads\/2024\/03\/boncuk-apart-slider-1024x465.jpg?ssl=1\" \/>\n<meta name=\"twitter:card\" content=\"summary_large_image\" \/>\n<meta name=\"twitter:label1\" content=\"Tahmini okuma s\u00fcresi\" \/>\n\t<meta name=\"twitter:data1\" content=\"1 dakika\" \/>\n<script type=\"application\/ld+json\" class=\"yoast-schema-graph\">{\"@context\":\"https:\\\/\\\/schema.org\",\"@graph\":[{\"@type\":\"WebPage\",\"@id\":\"https:\\\/\\\/adrasanboncukapartbungalov.com\\\/?page_id=96\",\"url\":\"https:\\\/\\\/adrasanboncukapartbungalov.com\\\/?page_id=96\",\"name\":\"Adrasan Boncuk Apart ve Bungalov Evleri Adres ve \u0130leti\u015fim Bilgileri - Adrasan Boncuk Apart Bungalov Evleri\",\"isPartOf\":{\"@id\":\"https:\\\/\\\/adrasanboncukapartbungalov.com\\\/#website\"},\"primaryImageOfPage\":{\"@id\":\"https:\\\/\\\/adrasanboncukapartbungalov.com\\\/?page_id=96#primaryimage\"},\"image\":{\"@id\":\"https:\\\/\\\/adrasanboncukapartbungalov.com\\\/?page_id=96#primaryimage\"},\"thumbnailUrl\":\"https:\\\/\\\/i0.wp.com\\\/adrasanboncukapartbungalov.com\\\/wp-content\\\/uploads\\\/2024\\\/03\\\/boncuk-apart-slider-1024x465.jpg?ssl=1\",\"datePublished\":\"2024-02-28T18:31:37+00:00\",\"dateModified\":\"2024-03-03T19:08:36+00:00\",\"description\":\"Denize y\u00fcr\u00fcme mesafesinde, orman\u0131n k\u0131y\u0131s\u0131nda, muhte\u015fem do\u011fas\u0131yla 2+1 ve 1+1 Adrasan Boncuk Apart Bungalov evleri\",\"breadcrumb\":{\"@id\":\"https:\\\/\\\/adrasanboncukapartbungalov.com\\\/?page_id=96#breadcrumb\"},\"inLanguage\":\"tr\",\"potentialAction\":[{\"@type\":\"ReadAction\",\"target\":[\"https:\\\/\\\/adrasanboncukapartbungalov.com\\\/?page_id=96\"]}]},{\"@type\":\"ImageObject\",\"inLanguage\":\"tr\",\"@id\":\"https:\\\/\\\/adrasanboncukapartbungalov.com\\\/?page_id=96#primaryimage\",\"url\":\"https:\\\/\\\/i0.wp.com\\\/adrasanboncukapartbungalov.com\\\/wp-content\\\/uploads\\\/2024\\\/03\\\/boncuk-apart-slider-1024x465.jpg?ssl=1\",\"contentUrl\":\"https:\\\/\\\/i0.wp.com\\\/adrasanboncukapartbungalov.com\\\/wp-content\\\/uploads\\\/2024\\\/03\\\/boncuk-apart-slider-1024x465.jpg?ssl=1\"},{\"@type\":\"BreadcrumbList\",\"@id\":\"https:\\\/\\\/adrasanboncukapartbungalov.com\\\/?page_id=96#breadcrumb\",\"itemListElement\":[{\"@type\":\"ListItem\",\"position\":1,\"name\":\"Anasayfa\",\"item\":\"https:\\\/\\\/adrasanboncukapartbungalov.com\\\/\"},{\"@type\":\"ListItem\",\"position\":2,\"name\":\"Adrasan Boncuk Apart ve Bungalov Evleri Adres ve \u0130leti\u015fim Bilgileri\"}]},{\"@type\":\"WebSite\",\"@id\":\"https:\\\/\\\/adrasanboncukapartbungalov.com\\\/#website\",\"url\":\"https:\\\/\\\/adrasanboncukapartbungalov.com\\\/\",\"name\":\"Adrasan Boncuk Apart Bungalov Evleri\",\"description\":\"sakin ve huzurlu tatilin adresi\",\"publisher\":{\"@id\":\"https:\\\/\\\/adrasanboncukapartbungalov.com\\\/#organization\"},\"potentialAction\":[{\"@type\":\"SearchAction\",\"target\":{\"@type\":\"EntryPoint\",\"urlTemplate\":\"https:\\\/\\\/adrasanboncukapartbungalov.com\\\/?s={search_term_string}\"},\"query-input\":{\"@type\":\"PropertyValueSpecification\",\"valueRequired\":true,\"valueName\":\"search_term_string\"}}],\"inLanguage\":\"tr\"},{\"@type\":\"Organization\",\"@id\":\"https:\\\/\\\/adrasanboncukapartbungalov.com\\\/#organization\",\"name\":\"Adrasan Boncuk Apart Bungalov Evleri\",\"url\":\"https:\\\/\\\/adrasanboncukapartbungalov.com\\\/\",\"logo\":{\"@type\":\"ImageObject\",\"inLanguage\":\"tr\",\"@id\":\"https:\\\/\\\/adrasanboncukapartbungalov.com\\\/#\\\/schema\\\/logo\\\/image\\\/\",\"url\":\"https:\\\/\\\/i0.wp.com\\\/adrasanboncukapartbungalov.com\\\/wp-content\\\/uploads\\\/2024\\\/02\\\/cropped-LOGOo.png?fit=171%2C209&ssl=1\",\"contentUrl\":\"https:\\\/\\\/i0.wp.com\\\/adrasanboncukapartbungalov.com\\\/wp-content\\\/uploads\\\/2024\\\/02\\\/cropped-LOGOo.png?fit=171%2C209&ssl=1\",\"width\":171,\"height\":209,\"caption\":\"Adrasan Boncuk Apart Bungalov Evleri\"},\"image\":{\"@id\":\"https:\\\/\\\/adrasanboncukapartbungalov.com\\\/#\\\/schema\\\/logo\\\/image\\\/\"},\"sameAs\":[\"https:\\\/\\\/www.instagram.com\\\/adrasanboncukapartlari\"]}]}<\/script>\n<!-- \/ Yoast SEO plugin. -->","yoast_head_json":{"title":"Adrasan Boncuk Apart ve Bungalov Evleri Adres ve \u0130leti\u015fim Bilgileri - Adrasan Boncuk Apart Bungalov Evleri","description":"Denize y\u00fcr\u00fcme mesafesinde, orman\u0131n k\u0131y\u0131s\u0131nda, muhte\u015fem do\u011fas\u0131yla 2+1 ve 1+1 Adrasan Boncuk Apart Bungalov evleri","robots":{"index":"index","follow":"follow","max-snippet":"max-snippet:-1","max-image-preview":"max-image-preview:large","max-video-preview":"max-video-preview:-1"},"canonical":"https:\/\/adrasanboncukapartbungalov.com\/?page_id=96","og_locale":"tr_TR","og_type":"article","og_title":"Adrasan Boncuk Apart ve Bungalov Evleri Adres ve \u0130leti\u015fim Bilgileri - Adrasan Boncuk Apart Bungalov Evleri","og_description":"Denize y\u00fcr\u00fcme mesafesinde, orman\u0131n k\u0131y\u0131s\u0131nda, muhte\u015fem do\u011fas\u0131yla 2+1 ve 1+1 Adrasan Boncuk Apart Bungalov evleri","og_url":"https:\/\/adrasanboncukapartbungalov.com\/?page_id=96","og_site_name":"Adrasan Boncuk Apart Bungalov Evleri","article_modified_time":"2024-03-03T19:08:36+00:00","og_image":[{"url":"https:\/\/i0.wp.com\/adrasanboncukapartbungalov.com\/wp-content\/uploads\/2024\/03\/boncuk-apart-slider-1024x465.jpg?ssl=1","type":"","width":"","height":""}],"twitter_card":"summary_large_image","twitter_misc":{"Tahmini okuma s\u00fcresi":"1 dakika"},"schema":{"@context":"https:\/\/schema.org","@graph":[{"@type":"WebPage","@id":"https:\/\/adrasanboncukapartbungalov.com\/?page_id=96","url":"https:\/\/adrasanboncukapartbungalov.com\/?page_id=96","name":"Adrasan Boncuk Apart ve Bungalov Evleri Adres ve \u0130leti\u015fim Bilgileri - Adrasan Boncuk Apart Bungalov Evleri","isPartOf":{"@id":"https:\/\/adrasanboncukapartbungalov.com\/#website"},"primaryImageOfPage":{"@id":"https:\/\/adrasanboncukapartbungalov.com\/?page_id=96#primaryimage"},"image":{"@id":"https:\/\/adrasanboncukapartbungalov.com\/?page_id=96#primaryimage"},"thumbnailUrl":"https:\/\/i0.wp.com\/adrasanboncukapartbungalov.com\/wp-content\/uploads\/2024\/03\/boncuk-apart-slider-1024x465.jpg?ssl=1","datePublished":"2024-02-28T18:31:37+00:00","dateModified":"2024-03-03T19:08:36+00:00","description":"Denize y\u00fcr\u00fcme mesafesinde, orman\u0131n k\u0131y\u0131s\u0131nda, muhte\u015fem do\u011fas\u0131yla 2+1 ve 1+1 Adrasan Boncuk Apart Bungalov evleri","breadcrumb":{"@id":"https:\/\/adrasanboncukapartbungalov.com\/?page_id=96#breadcrumb"},"inLanguage":"tr","potentialAction":[{"@type":"ReadAction","target":["https:\/\/adrasanboncukapartbungalov.com\/?page_id=96"]}]},{"@type":"ImageObject","inLanguage":"tr","@id":"https:\/\/adrasanboncukapartbungalov.com\/?page_id=96#primaryimage","url":"https:\/\/i0.wp.com\/adrasanboncukapartbungalov.com\/wp-content\/uploads\/2024\/03\/boncuk-apart-slider-1024x465.jpg?ssl=1","contentUrl":"https:\/\/i0.wp.com\/adrasanboncukapartbungalov.com\/wp-content\/uploads\/2024\/03\/boncuk-apart-slider-1024x465.jpg?ssl=1"},{"@type":"BreadcrumbList","@id":"https:\/\/adrasanboncukapartbungalov.com\/?page_id=96#breadcrumb","itemListElement":[{"@type":"ListItem","position":1,"name":"Anasayfa","item":"https:\/\/adrasanboncukapartbungalov.com\/"},{"@type":"ListItem","position":2,"name":"Adrasan Boncuk Apart ve Bungalov Evleri Adres ve \u0130leti\u015fim Bilgileri"}]},{"@type":"WebSite","@id":"https:\/\/adrasanboncukapartbungalov.com\/#website","url":"https:\/\/adrasanboncukapartbungalov.com\/","name":"Adrasan Boncuk Apart Bungalov Evleri","description":"sakin ve huzurlu tatilin adresi","publisher":{"@id":"https:\/\/adrasanboncukapartbungalov.com\/#organization"},"potentialAction":[{"@type":"SearchAction","target":{"@type":"EntryPoint","urlTemplate":"https:\/\/adrasanboncukapartbungalov.com\/?s={search_term_string}"},"query-input":{"@type":"PropertyValueSpecification","valueRequired":true,"valueName":"search_term_string"}}],"inLanguage":"tr"},{"@type":"Organization","@id":"https:\/\/adrasanboncukapartbungalov.com\/#organization","name":"Adrasan Boncuk Apart Bungalov Evleri","url":"https:\/\/adrasanboncukapartbungalov.com\/","logo":{"@type":"ImageObject","inLanguage":"tr","@id":"https:\/\/adrasanboncukapartbungalov.com\/#\/schema\/logo\/image\/","url":"https:\/\/i0.wp.com\/adrasanboncukapartbungalov.com\/wp-content\/uploads\/2024\/02\/cropped-LOGOo.png?fit=171%2C209&ssl=1","contentUrl":"https:\/\/i0.wp.com\/adrasanboncukapartbungalov.com\/wp-content\/uploads\/2024\/02\/cropped-LOGOo.png?fit=171%2C209&ssl=1","width":171,"height":209,"caption":"Adrasan Boncuk Apart Bungalov Evleri"},"image":{"@id":"https:\/\/adrasanboncukapartbungalov.com\/#\/schema\/logo\/image\/"},"sameAs":["https:\/\/www.instagram.com\/adrasanboncukapartlari"]}]}},"jetpack_likes_enabled":true,"jetpack_sharing_enabled":true,"jetpack_shortlink":"https:\/\/wp.me\/PfyBXx-1y","jetpack-related-posts":[],"_links":{"self":[{"href":"https:\/\/adrasanboncukapartbungalov.com\/index.php?rest_route=\/wp\/v2\/pages\/96","targetHints":{"allow":["GET"]}}],"collection":[{"href":"https:\/\/adrasanboncukapartbungalov.com\/index.php?rest_route=\/wp\/v2\/pages"}],"about":[{"href":"https:\/\/adrasanboncukapartbungalov.com\/index.php?rest_route=\/wp\/v2\/types\/page"}],"author":[{"embeddable":true,"href":"https:\/\/adrasanboncukapartbungalov.com\/index.php?rest_route=\/wp\/v2\/users\/231944036"}],"replies":[{"embeddable":true,"href":"https:\/\/adrasanboncukapartbungalov.com\/index.php?rest_route=%2Fwp%2Fv2%2Fcomments&post=96"}],"version-history":[{"count":14,"href":"https:\/\/adrasanboncukapartbungalov.com\/index.php?rest_route=\/wp\/v2\/pages\/96\/revisions"}],"predecessor-version":[{"id":682,"href":"https:\/\/adrasanboncukapartbungalov.com\/index.php?rest_route=\/wp\/v2\/pages\/96\/revisions\/682"}],"wp:attachment":[{"href":"https:\/\/adrasanboncukapartbungalov.com\/index.php?rest_route=%2Fwp%2Fv2%2Fmedia&parent=96"}],"curies":[{"name":"wp","href":"https:\/\/api.w.org\/{rel}","templated":true}]}}